{"id":77,"date":"2015-03-12T16:26:12","date_gmt":"2015-03-12T15:26:12","guid":{"rendered":"http:\/\/aquiyahora.org\/?page_id=77"},"modified":"2016-01-05T13:58:35","modified_gmt":"2016-01-05T12:58:35","slug":"cine-debats-conferences","status":"publish","type":"page","link":"https:\/\/aquiyahora.org\/?page_id=77","title":{"rendered":"Cin\u00e9, d\u00e9bats, conf\u00e9rences&#8230;"},"content":{"rendered":"<p>Le tango et les autres cultures ne passent pas que par la pratique d&rsquo;un art. L&rsquo;association organise \u00e9galement pour les plus curieux, des projections de films, des d\u00e9bats et des conf\u00e9rences, toujours au sein de l&rsquo;Atelier Manding&rsquo;art, en liens avec l&rsquo;univers du tango et autres cultures d&rsquo;Am\u00e9rique latine.<\/p>\n<p>La r\u00e9flexion autour d&rsquo;une culture est \u00e9galement un moyen de la faire vivre !<\/p>\n<p>&nbsp;<\/p>\n<p>Aqui y Ahora a pr\u00e9sent\u00e9 en 2015:<\/p>\n<p style=\"text-align: center;\"><strong>Projection du film <em>\u00ab\u00a0Yo no se que me han hecho tus ojos\u00a0\u00bb (17 Mai 2015)<\/em> <\/strong><\/p>\n<p style=\"text-align: center;\">de Lorena Munos et Sergio Wolf, Argentine, 2006<strong><br \/>\n<\/strong><\/p>\n<p style=\"text-align: center;\"><a href=\"http:\/\/aquiyahora.org\/wp-content\/uploads\/2015\/03\/YoNoSeWeb.jpg\"><img loading=\"lazy\" decoding=\"async\" class=\"alignnone wp-image-237\" src=\"http:\/\/aquiyahora.org\/wp-content\/uploads\/2015\/03\/YoNoSeWeb-300x225.jpg\" alt=\"YoNoSeWeb\" width=\"239\" height=\"179\" srcset=\"https:\/\/aquiyahora.org\/wp-content\/uploads\/2015\/03\/YoNoSeWeb-300x225.jpg 300w, https:\/\/aquiyahora.org\/wp-content\/uploads\/2015\/03\/YoNoSeWeb.jpg 787w\" sizes=\"auto, (max-width: 239px) 100vw, 239px\" \/><\/a><\/p>\n<p style=\"text-align: center;\">Une enqu\u00eate polici\u00e8re\/documentaire sur la disparition de la chanteuse Ada Falcon. Une histoire de passion et de musique dans les ann\u00e9es 40<\/p>\n<p style=\"text-align: center;\"><strong>Conf\u00e9rence \u00ab\u00a0Si le tango m&rsquo;\u00e9tait cont\u00e9\u00a0\u00bb par <a href=\"http:\/\/sotango.blogspot.fr\/\">Solange Bazely<\/a> (12 Avril 2015)<\/strong><\/p>\n<p style=\"text-align: center;\"><em>\u00ab\u00a0N\u00e9e il y a plus d\u2019un si\u00e8cle sur les deux rives du Rio de la Plata, la culture du tango se d\u00e9cline autour de la musique, de la <\/em><em>po\u00e9sie, du chant et de la danse, issu du syncr\u00e9tisme culturel li\u00e9 aux immigrations. Vecteur d\u2019identit\u00e9, il est aujourd\u2019hui <\/em><em>quasi universel.<\/em><br \/>\n<em>Sur un ton vivant, il s\u2019agit de d\u00e9couvrir cette culture de sa gen\u00e8se \u00e0 son actualit\u00e9, entre histoires, anecdotes, \u00e9coute<\/em><br \/>\n<em>musicale et projection d\u2019images d\u2019archives des orchestres historiques en Argentine.\u00a0\u00bb<\/em><\/p>\n<p style=\"text-align: center;\"><span class=\"fsl\"><strong>Cin\u00e9ma pour les oreilles &#8211; <a href=\"http:\/\/gwladys-d.fr\/%C2%BF-que-tal-argentina-les-petites-revolutions-du-quotidien\/\">Que tal Argentina?<\/a> &#8211; Les petites r\u00e9volutions du quotidien.<\/strong><\/span><\/p>\n<p style=\"text-align: center;\"><span class=\"fsl\"><strong> (19 octobre 2014)<\/strong><br \/>\n<\/span><\/p>\n<p><a href=\"http:\/\/aquiyahora.org\/wp-content\/uploads\/2015\/03\/115-1580_IMG1-300x225.jpg\"><img loading=\"lazy\" decoding=\"async\" class=\" wp-image-236 aligncenter\" src=\"http:\/\/aquiyahora.org\/wp-content\/uploads\/2015\/03\/115-1580_IMG1-300x225-300x225.jpg\" alt=\"115-1580_IMG1-300x225\" width=\"221\" height=\"166\" \/><\/a><\/p>\n<p style=\"text-align: center;\"><span class=\"fsl\"><br \/>\nUn documentaire sonore, r\u00e9alis\u00e9 de novembre 2003 \u00e0 janvier 2004, par Gwladys D\u00e9prez et S\u00e9bastien Cirotteau qui s&rsquo;impr\u00e8gnent, \u00e0 Buenos Aires, de la r\u00e9alit\u00e9 sociale, de la cr\u00e9ativit\u00e9 et des alternatives collectives qui ont \u00e9merg\u00e9 pendant et apr\u00e8s la crise de 2001&#8230;D\u00e9couverte d&rsquo;une ville-pays \u00e0 la \u00abfronti\u00e8re du premier mo<span class=\"text_exposed_show\">nde \u00bb.<\/span><\/span><\/p>\n<p>&nbsp;<\/p>\n<p>&nbsp;<\/p>\n<p>&nbsp;<\/p>\n","protected":false},"excerpt":{"rendered":"<p>Le tango et les autres cultures ne passent pas que par la pratique d&rsquo;un art. L&rsquo;association organise \u00e9galement pour les plus curieux, des projections de films, des d\u00e9bats et des conf\u00e9rences, toujours au sein de l&rsquo;Atelier Manding&rsquo;art, en liens avec l&rsquo;univers du tango et autres cultures d&rsquo;Am\u00e9rique latine. La r\u00e9flexion autour d&rsquo;une culture est \u00e9galement [&hellip;]<\/p>\n","protected":false},"author":3,"featured_media":0,"parent":0,"menu_order":0,"comment_status":"closed","ping_status":"closed","template":"","meta":{"footnotes":""},"class_list":["post-77","page","type-page","status-publish","hentry"],"_links":{"self":[{"href":"https:\/\/aquiyahora.org\/index.php?rest_route=\/wp\/v2\/pages\/77","targetHints":{"allow":["GET"]}}],"collection":[{"href":"https:\/\/aquiyahora.org\/index.php?rest_route=\/wp\/v2\/pages"}],"about":[{"href":"https:\/\/aquiyahora.org\/index.php?rest_route=\/wp\/v2\/types\/page"}],"author":[{"embeddable":true,"href":"https:\/\/aquiyahora.org\/index.php?rest_route=\/wp\/v2\/users\/3"}],"replies":[{"embeddable":true,"href":"https:\/\/aquiyahora.org\/index.php?rest_route=%2Fwp%2Fv2%2Fcomments&post=77"}],"version-history":[{"count":4,"href":"https:\/\/aquiyahora.org\/index.php?rest_route=\/wp\/v2\/pages\/77\/revisions"}],"predecessor-version":[{"id":561,"href":"https:\/\/aquiyahora.org\/index.php?rest_route=\/wp\/v2\/pages\/77\/revisions\/561"}],"wp:attachment":[{"href":"https:\/\/aquiyahora.org\/index.php?rest_route=%2Fwp%2Fv2%2Fmedia&parent=77"}],"curies":[{"name":"wp","href":"https:\/\/api.w.org\/{rel}","templated":true}]}}