{"id":52,"date":"2015-03-11T16:59:46","date_gmt":"2015-03-11T15:59:46","guid":{"rendered":"http:\/\/aquiyahora.org\/?page_id=52"},"modified":"2024-09-10T17:42:27","modified_gmt":"2024-09-10T16:42:27","slug":"cours-ateliers","status":"publish","type":"page","link":"https:\/\/aquiyahora.org\/?page_id=52","title":{"rendered":"Cours hebdomadaires"},"content":{"rendered":"<p><a href=\"https:\/\/aquiyahora.org\/wp-content\/uploads\/2015\/03\/rentre\u0301e-portrait-nati-2024-1@2x.png\" rel=\"attachment wp-att-1350\"><img loading=\"lazy\" decoding=\"async\" class=\"alignnone size-full wp-image-1350\" src=\"https:\/\/aquiyahora.org\/wp-content\/uploads\/2015\/03\/rentre\u0301e-portrait-nati-2024-1@2x.png\" alt=\"rentre\u0301e- portrait -nati 2024-1@2x\" width=\"2480\" height=\"3100\" srcset=\"https:\/\/aquiyahora.org\/wp-content\/uploads\/2015\/03\/rentre\u0301e-portrait-nati-2024-1@2x.png 2480w, https:\/\/aquiyahora.org\/wp-content\/uploads\/2015\/03\/rentre\u0301e-portrait-nati-2024-1@2x-240x300.png 240w, https:\/\/aquiyahora.org\/wp-content\/uploads\/2015\/03\/rentre\u0301e-portrait-nati-2024-1@2x-768x960.png 768w, https:\/\/aquiyahora.org\/wp-content\/uploads\/2015\/03\/rentre\u0301e-portrait-nati-2024-1@2x-819x1024.png 819w\" sizes=\"auto, (max-width: 2480px) 100vw, 2480px\" \/><\/a><\/p>\n<div class=\"gmail_attr\" dir=\"ltr\">Tous les jeudis soirs :<\/div>\n<div>Laboratoire d&rsquo;Exploration\u00a0<span style=\"color: #ff40ff;\">\u00ab Tango &#8211; Corps et mouvement \u00bb<\/span><\/div>\n<div>Dur\u00e9e : 2h hebdomadaires.<\/div>\n<div>D\u00e9but des cours : 26 Septembre !<\/div>\n<div><\/div>\n<h5>Natalia met en jeu le dialogue entre Tango, Corps et Mouvement.<\/h5>\n<h6>Avec une approche de l&rsquo;\u00e9ducation somatique par le mouvement*, elle vous propose d&rsquo;explorer le tango-danse comme un territoire des relations entre les fondamentaux et structures improvis\u00e9es et chor\u00e9graphiques du tango et les diff\u00e9rentes mati\u00e8res du corps en mouvement.<\/h6>\n<div><\/div>\n<div>*D\u00e9riv\u00e9e du grec \u00ab\u00a0soma\u00a0\u00bb signifiant \u00ab\u00a0corps\u00a0\u00bb, l&rsquo;\u00e9ducation somatique permet de se connecter au corps par l&rsquo;exploration du mouvement et de l&rsquo;anatomie. Il s&rsquo;agit de prendre pleinement conscience de nos capacit\u00e9s corporelles et expressives pour enrichir notre danse. Ce regard \u00e0 la fois global et sp\u00e9cifique du corps en mouvement va amener du support, de la pr\u00e9cision et de l&rsquo;autonomie dans votre technique du tango.<\/div>\n<div>Pas \u00e0 pas on stimule la cr\u00e9ativit\u00e9 et la libert\u00e9 de danser.<\/div>\n<div>Le tango, pour moi, est la danse \u00e0 deux la plus difficile techniquement. Gr\u00e2ce \u00e0 cette m\u00e9thode on se sent plus \u00e0 l&rsquo;aise et confortable dans son corps.<\/div>\n<div>Cette approche \u00e9veille le d\u00e9sir d&rsquo;apprendre les deux r\u00f4les : guider et \u00eatre guid\u00e9.e. Le passage d&rsquo;un r\u00f4le \u00e0 l&rsquo;autre se fait naturellement, avec moins de barri\u00e8res et pr\u00e9jug\u00e9s que dans l&rsquo;apprentissage d&rsquo;un seul r\u00f4le.<\/div>\n<div><\/div>\n<div><b>Exemples :\u00a0<\/b><\/div>\n<div>&#8211; La relation de l&rsquo;axe et des extr\u00e9mit\u00e9s dans le d\u00e9placement avec Volcadas et Colgadas.<\/div>\n<div>&#8211; Qu&rsquo;est-ce que le tonus de base et musculaire et comment le mettre en lien avec les changements de rythme au tango ?<\/div>\n<div>&#8211; Notre \u00ab\u00a0territoire\u00a0\u00bb de la ceinture scapulaire : comment est-il impliqu\u00e9 dans le mouvement ? Comment fonctionne t-il dans l&rsquo;Abrazo ferm\u00e9 et ouvert au tango ?<\/div>\n<div>&#8211; La d\u00e9couverte des syst\u00e8mes du corps (squelette, syst\u00e8me nerveux, syst\u00e8me musculaire, syst\u00e8me des fascias\u2026) qui font chacun \u00e9merger des \u00e9tats de corps et des qualit\u00e9s de mouvement diff\u00e9rentes. Comment les utiliser dans notre tango-danse ?<\/div>\n<div><\/div>\n<div>Natalia convoque diff\u00e9rentes m\u00e9thodes \u00e9tudi\u00e9es tout au long de son parcours de danseuse et p\u00e9dagogue, et les int\u00e8gre dans sa propre p\u00e9dagogie : Body mind &#8211; centering\u00ae, analyse fonctionnelle du corps dans le mouvement dans\u00e9e (AFCMD), anatomie pour le mouvement (Blandine Calais Germain).<\/div>\n<div><\/div>\n<div>Dans sa p\u00e9dagogie, l&rsquo;\u00e9coute du groupe et des besoins personnels est primordiale pour co-cr\u00e9er un espace de recherche et d&rsquo;exploration ensemble !<\/div>\n<div><\/div>\n<div><\/div>\n<div><b>INFOS<\/b><\/div>\n<div>&#8211; Rentr\u00e9e le jeudi 26 Septembre \u00e0 19h.<\/div>\n<div>&#8211; Ouvert \u00e0 toutes et tous ayant une\u00a0<b>exp\u00e9rience du tango<\/b>\u00a0(niveau d\u00e9butant confirm\u00e9, interm\u00e9diaire et avanc\u00e9)<\/div>\n<div>&#8211; Tous les<b>\u00a0<\/b>jeudis soirs de 19h \u00e0 21h<\/div>\n<div>&#8211; Lieu : 97 rue Vestrepain, Toulouse. M\u00e9tro ligne A &#8211; Fontaine Lestang.<\/div>\n<div><\/div>\n","protected":false},"excerpt":{"rendered":"<p>Tous les jeudis soirs : Laboratoire d&rsquo;Exploration\u00a0\u00ab Tango &#8211; Corps et mouvement \u00bb Dur\u00e9e : 2h hebdomadaires. D\u00e9but des cours : 26 Septembre ! Natalia met en jeu le dialogue entre Tango, Corps et Mouvement. Avec une approche de l&rsquo;\u00e9ducation somatique par le mouvement*, elle vous propose d&rsquo;explorer le tango-danse comme un territoire des relations [&hellip;]<\/p>\n","protected":false},"author":3,"featured_media":0,"parent":0,"menu_order":0,"comment_status":"closed","ping_status":"closed","template":"","meta":{"footnotes":""},"class_list":["post-52","page","type-page","status-publish","hentry"],"_links":{"self":[{"href":"https:\/\/aquiyahora.org\/index.php?rest_route=\/wp\/v2\/pages\/52","targetHints":{"allow":["GET"]}}],"collection":[{"href":"https:\/\/aquiyahora.org\/index.php?rest_route=\/wp\/v2\/pages"}],"about":[{"href":"https:\/\/aquiyahora.org\/index.php?rest_route=\/wp\/v2\/types\/page"}],"author":[{"embeddable":true,"href":"https:\/\/aquiyahora.org\/index.php?rest_route=\/wp\/v2\/users\/3"}],"replies":[{"embeddable":true,"href":"https:\/\/aquiyahora.org\/index.php?rest_route=%2Fwp%2Fv2%2Fcomments&post=52"}],"version-history":[{"count":33,"href":"https:\/\/aquiyahora.org\/index.php?rest_route=\/wp\/v2\/pages\/52\/revisions"}],"predecessor-version":[{"id":1353,"href":"https:\/\/aquiyahora.org\/index.php?rest_route=\/wp\/v2\/pages\/52\/revisions\/1353"}],"wp:attachment":[{"href":"https:\/\/aquiyahora.org\/index.php?rest_route=%2Fwp%2Fv2%2Fmedia&parent=52"}],"curies":[{"name":"wp","href":"https:\/\/api.w.org\/{rel}","templated":true}]}}