{"id":267,"date":"2015-04-20T13:40:30","date_gmt":"2015-04-20T12:40:30","guid":{"rendered":"http:\/\/aquiyahora.org\/?page_id=267"},"modified":"2016-01-04T19:18:43","modified_gmt":"2016-01-04T18:18:43","slug":"r-t-t","status":"publish","type":"page","link":"https:\/\/aquiyahora.org\/?page_id=267","title":{"rendered":"R.T.T"},"content":{"rendered":"<p style=\"text-align: center;\"><em>Cr\u00e9ation chor\u00e9graphique et interpr\u00e9tation : Natalia Bearzotti<\/em><\/p>\n<p style=\"text-align: justify;\">R.T.T (Round-Trip Time)\u00a0 est un spectacle hybride m\u00ealant la danse contemporaine, la musique et l&rsquo;art plastique. Il nous raconte l\u2019histoire d\u2019une femme, et de son parcours, la recherche de son identit\u00e9 \u00e0 travers ses origines, et la m\u00e9moire de son corps par la danse\u2026<\/p>\n<p style=\"text-align: justify;\"><em>\u00ab\u00a0D\u2019o\u00f9 viens-tu ?<\/em><br \/>\n<em> Qui es-tu ?<\/em><br \/>\n<em> Nous sommes tous les porteurs d&rsquo;un nom, d&rsquo;une histoire, d&rsquo;un pays&#8230;<\/em><br \/>\n<em> Le corps comme v\u00e9hicule de la m\u00e9moire. Il gardes des traces&#8230;<\/em><br \/>\n<em> Est-ce qu&rsquo;on peut acceder \u00e0 la m\u00e9moire lointaine du corps ?<\/em><br \/>\n<em> Une m\u00e9moire individuelle et collective&#8230;<\/em><br \/>\n<em> Quelle dimension a l&rsquo;identit\u00e9 dans notre imaginaire ?<\/em><br \/>\n<em> L&rsquo;identit\u00e9 constitue une sorte de boucle indissoluble entre similitude\/inclusion et diff\u00e9rence\/exclusion.<\/em><br \/>\n<em> Les enfants. \u00catre n\u00e9 ailleurs, avant leur naissance, ils ont une histoire qui les pr\u00e9c\u00e8de&#8230;<\/em><br \/>\n<em> Ils semblent d\u00e9j\u00e0 pris dans ce d\u00e9placement&#8230;<\/em><br \/>\n<em> L&rsquo;espace de l&rsquo;exil parental&#8230;<\/em><br \/>\n<em> On est l\u00e0, mais on est toujours ailleurs&#8230;<\/em><br \/>\n<em> La transmission rend compte du pass\u00e9 et du pr\u00e9sent&#8230;<\/em><br \/>\n<em> Dans la musique et le silence de son regard, une femme s&rsquo;\u00e9veille&#8230;<\/em><br \/>\n<em> La parole se r\u00e9duit \u00e0 l&rsquo;impossibilit\u00e9 de dire la nostalgie qui entoure l&rsquo;odeur de cette ruelle&#8230;<\/em><br \/>\n<em> Elle souffle sur ses caract\u00e8res, ses couches les plus profondes&#8230;\u00a0\u00bb<\/em><\/p>\n","protected":false},"excerpt":{"rendered":"<p>Cr\u00e9ation chor\u00e9graphique et interpr\u00e9tation : Natalia Bearzotti R.T.T (Round-Trip Time)\u00a0 est un spectacle hybride m\u00ealant la danse contemporaine, la musique et l&rsquo;art plastique. Il nous raconte l\u2019histoire d\u2019une femme, et de son parcours, la recherche de son identit\u00e9 \u00e0 travers ses origines, et la m\u00e9moire de son corps par la danse\u2026 \u00ab\u00a0D\u2019o\u00f9 viens-tu ? Qui [&hellip;]<\/p>\n","protected":false},"author":3,"featured_media":271,"parent":0,"menu_order":0,"comment_status":"closed","ping_status":"open","template":"","meta":{"footnotes":""},"class_list":["post-267","page","type-page","status-publish","hentry"],"_links":{"self":[{"href":"https:\/\/aquiyahora.org\/index.php?rest_route=\/wp\/v2\/pages\/267","targetHints":{"allow":["GET"]}}],"collection":[{"href":"https:\/\/aquiyahora.org\/index.php?rest_route=\/wp\/v2\/pages"}],"about":[{"href":"https:\/\/aquiyahora.org\/index.php?rest_route=\/wp\/v2\/types\/page"}],"author":[{"embeddable":true,"href":"https:\/\/aquiyahora.org\/index.php?rest_route=\/wp\/v2\/users\/3"}],"replies":[{"embeddable":true,"href":"https:\/\/aquiyahora.org\/index.php?rest_route=%2Fwp%2Fv2%2Fcomments&post=267"}],"version-history":[{"count":5,"href":"https:\/\/aquiyahora.org\/index.php?rest_route=\/wp\/v2\/pages\/267\/revisions"}],"predecessor-version":[{"id":323,"href":"https:\/\/aquiyahora.org\/index.php?rest_route=\/wp\/v2\/pages\/267\/revisions\/323"}],"wp:featuredmedia":[{"embeddable":true,"href":"https:\/\/aquiyahora.org\/index.php?rest_route=\/wp\/v2\/media\/271"}],"wp:attachment":[{"href":"https:\/\/aquiyahora.org\/index.php?rest_route=%2Fwp%2Fv2%2Fmedia&parent=267"}],"curies":[{"name":"wp","href":"https:\/\/api.w.org\/{rel}","templated":true}]}}