{"id":212,"date":"2015-03-24T15:48:14","date_gmt":"2015-03-24T14:48:14","guid":{"rendered":"http:\/\/aquiyahora.org\/?page_id=212"},"modified":"2023-09-27T15:36:51","modified_gmt":"2023-09-27T14:36:51","slug":"natalia-bearzotti","status":"publish","type":"page","link":"https:\/\/aquiyahora.org\/?page_id=212","title":{"rendered":"Natalia Bearzotti"},"content":{"rendered":"<p style=\"text-align: center;\"><a href=\"http:\/\/aquiyahora.org\/wp-content\/uploads\/2015\/03\/NATi.jpg\" rel=\"attachment wp-att-542\"><img loading=\"lazy\" decoding=\"async\" class=\"size-medium wp-image-542 aligncenter\" src=\"http:\/\/aquiyahora.org\/wp-content\/uploads\/2015\/03\/NATi-300x300.jpg\" alt=\"NATi\" width=\"300\" height=\"300\" \/><\/a><\/p>\n<p style=\"text-align: left;\">Je voulais \u00eatre danseuse classique<br \/>\nDans le r\u00eave romantique d\u2019une petite fille\u2026<br \/>\nA vingt ans je suis devenue danseuse contemporaine,<br \/>\nRebelle et obstin\u00e9e, \u00e0 la recherche de la libert\u00e9.<br \/>\nJ\u2019ai fait mes premiers pas de Tango et<br \/>\nJ\u2019ai r\u00e9agi en dansant sur ma place de femme\u2026<br \/>\nJe reviens vers un r\u00eave: le cirque,<br \/>\nQui m\u2019am\u00e8ne vers le th\u00e9\u00e2tre, et le th\u00e9\u00e2tre vers le cin\u00e9ma.<br \/>\nJe red\u00e9couvre dans le geste le mouvement qui me donne vie\u2026<br \/>\nEt c\u2019est la danse que le saisit.<br \/>\nAccompagn\u00e9e de mon fils, je marche avec les mains et<br \/>\nJe pense avec les pieds\u2026<\/p>\n<p><b>Parcours professionnelle Natalia Bearzotti:\u00a0<\/b><\/p>\n<p>D\u2019origine Argentine, de formation classique et contemporaine, elle fait du tango sa discipline de pr\u00e9dilection. En \u00e9tudions avec Gustavo Naveira, Chico Frumboli, Pupi Castello, la Negra Gonzalez, entre autres.<span class=\"gmail-Apple-converted-space\">\u00a0 \u00a0<\/span><\/p>\n<p>Elle obtient un prix en<span class=\"gmail-Apple-converted-space\">\u00a0 <\/span>1999, une bourse de perfectionnement en danse contemporaine, pour \u00e9tudier en<span class=\"gmail-Apple-converted-space\">\u00a0 <\/span>France. Elle approfondit ses \u00e9tudes en improvisation et composition instantan\u00e9e. Ainsi que diff\u00e9rentes techniques somatiques du mouvement, comme le Feldenkrais, l\u2019anatomie pour le mouvement avec Blandine Calais Germain. Elle fait deux s\u00e9jours comme danseuse invit\u00e9e au centre chor\u00e9graphique de<span class=\"gmail-Apple-converted-space\">\u00a0 <\/span>Montpellier et<span class=\"gmail-Apple-converted-space\">\u00a0 <\/span>Nantes.<\/p>\n<p>Pour faire la validation des acquis de ses \u00e9tudes en danse, elle suivit une<span class=\"gmail-Apple-converted-space\">\u00a0 <\/span>formation en p\u00e9dagogie, en danse contemporaine, au centre chor\u00e9graphique de Lyon.<span class=\"gmail-Apple-converted-space\">\u00a0<\/span><\/p>\n<p>Entre autres, elle a suivit des cours \u00e0 l\u2019Universit\u00e9 Paris 8, au d\u00e9partement de danse, dirig\u00e9e par Isabelle Launay. Quelques ann\u00e9es plus tard, pour interroger l&rsquo;intention du geste et l&rsquo;organisation posturale de la personne, elle fait une formation en analyse fonctionnelle du corps dans le<span class=\"gmail-Apple-converted-space\">\u00a0 <\/span>mouvement dans\u00e9 (AFCMD) au Centre National de la Danse \u00e0 Paris.<\/p>\n<p>En 2010 elle obtient son Dipl\u00f4me d&rsquo;Universit\u00e9 Arts du Spectacle en Danse et Arts du Cirque \u00e0 Toulouse.<\/p>\n<p>Dans sa recherche interdisciplinaire, en 2019, elle suit une formation en r\u00e9alisation documentaire avec les ateliers Varan.<\/p>\n<p>En 2022, pour continuer ses \u00e9tudes du mouvement somatique, elle commence la formation en Body- Mind Centering , qui<span class=\"gmail-Apple-converted-space\">\u00a0 <\/span>finira en 2023-2024.<span class=\"gmail-Apple-converted-space\">\u00a0<\/span><\/p>\n<p>&nbsp;<\/p>\n<p style=\"text-align: right;\">\u00a0\u2192\u00a0<a href=\"https:\/\/www.youtube.com\/watch?v=ja_qB-re3dY\">Vid\u00e9o Imagen Tango par Natalia Bearzotti<\/a><\/p>\n","protected":false},"excerpt":{"rendered":"<p>Je voulais \u00eatre danseuse classique Dans le r\u00eave romantique d\u2019une petite fille\u2026 A vingt ans je suis devenue danseuse contemporaine, Rebelle et obstin\u00e9e, \u00e0 la recherche de la libert\u00e9. J\u2019ai fait mes premiers pas de Tango et J\u2019ai r\u00e9agi en dansant sur ma place de femme\u2026 Je reviens vers un r\u00eave: le cirque, Qui m\u2019am\u00e8ne [&hellip;]<\/p>\n","protected":false},"author":3,"featured_media":0,"parent":0,"menu_order":0,"comment_status":"closed","ping_status":"open","template":"","meta":{"footnotes":""},"class_list":["post-212","page","type-page","status-publish","hentry"],"_links":{"self":[{"href":"https:\/\/aquiyahora.org\/index.php?rest_route=\/wp\/v2\/pages\/212","targetHints":{"allow":["GET"]}}],"collection":[{"href":"https:\/\/aquiyahora.org\/index.php?rest_route=\/wp\/v2\/pages"}],"about":[{"href":"https:\/\/aquiyahora.org\/index.php?rest_route=\/wp\/v2\/types\/page"}],"author":[{"embeddable":true,"href":"https:\/\/aquiyahora.org\/index.php?rest_route=\/wp\/v2\/users\/3"}],"replies":[{"embeddable":true,"href":"https:\/\/aquiyahora.org\/index.php?rest_route=%2Fwp%2Fv2%2Fcomments&post=212"}],"version-history":[{"count":16,"href":"https:\/\/aquiyahora.org\/index.php?rest_route=\/wp\/v2\/pages\/212\/revisions"}],"predecessor-version":[{"id":1345,"href":"https:\/\/aquiyahora.org\/index.php?rest_route=\/wp\/v2\/pages\/212\/revisions\/1345"}],"wp:attachment":[{"href":"https:\/\/aquiyahora.org\/index.php?rest_route=%2Fwp%2Fv2%2Fmedia&parent=212"}],"curies":[{"name":"wp","href":"https:\/\/api.w.org\/{rel}","templated":true}]}}