{"id":188,"date":"2015-03-24T15:25:53","date_gmt":"2015-03-24T14:25:53","guid":{"rendered":"http:\/\/aquiyahora.org\/?page_id=188"},"modified":"2016-01-05T11:44:17","modified_gmt":"2016-01-05T10:44:17","slug":"entre-deux-en-la-calle","status":"publish","type":"page","link":"https:\/\/aquiyahora.org\/?page_id=188","title":{"rendered":"En la calle"},"content":{"rendered":"<p style=\"text-align: center;\"><strong>\u00a0<\/strong><\/p>\n<p><em>Initiation au tango place de la Trinit\u00e9<\/em><br \/>\n<em>Mardi 30 juin, 17h30<\/em><br \/>\nEt si nous m\u00e9langions le tango et la capoeira ? Et si nous m\u00ealions ensemble la pratique amateur et professionnelle ? Et si la rue devenait, l\u2019espace de quelques instants, notre terrain de jeu, de rencontres, de curiosit\u00e9 ?<br \/>\nEn la calle, c\u2019est un moment pour tous ; \u00e9l\u00e8ves, danseurs, passants curieux\u2026 une initiation au tango pour danser la ville !<\/p>\n<p>&nbsp;<\/p>\n<p><em>Intervenant : Les \u00e9l\u00e8ves de Aqui y Ahora, sous la direction de Natalia Bearzotti\u00a0<\/em><\/p>\n<p>&nbsp;<\/p>\n<p>Spectacle:<\/p>\n<p><em><strong>Capoeira<\/strong> (atelier Manding&rsquo;art)<\/em> : <em>Valentin Pacheco et Boun &#8212;<strong>Tango<\/strong> : Natalia Bearzotti, Marianna Melis, Vittorio Stasiu<br \/>\n<\/em><\/p>\n<p><em>Clown<\/em> : Audrey Durand<\/p>\n<p>&nbsp;<\/p>\n<p>&nbsp;<\/p>\n<p><em>Lieu : Place de la Trinit\u00e9<\/em><\/p>\n<p>&nbsp;<\/p>\n","protected":false},"excerpt":{"rendered":"<p>\u00a0 Initiation au tango place de la Trinit\u00e9 Mardi 30 juin, 17h30 Et si nous m\u00e9langions le tango et la capoeira ? Et si nous m\u00ealions ensemble la pratique amateur et professionnelle ? Et si la rue devenait, l\u2019espace de quelques instants, notre terrain de jeu, de rencontres, de curiosit\u00e9 ? En la calle, c\u2019est [&hellip;]<\/p>\n","protected":false},"author":3,"featured_media":523,"parent":0,"menu_order":0,"comment_status":"closed","ping_status":"open","template":"","meta":{"footnotes":""},"class_list":["post-188","page","type-page","status-publish","hentry"],"_links":{"self":[{"href":"https:\/\/aquiyahora.org\/index.php?rest_route=\/wp\/v2\/pages\/188","targetHints":{"allow":["GET"]}}],"collection":[{"href":"https:\/\/aquiyahora.org\/index.php?rest_route=\/wp\/v2\/pages"}],"about":[{"href":"https:\/\/aquiyahora.org\/index.php?rest_route=\/wp\/v2\/types\/page"}],"author":[{"embeddable":true,"href":"https:\/\/aquiyahora.org\/index.php?rest_route=\/wp\/v2\/users\/3"}],"replies":[{"embeddable":true,"href":"https:\/\/aquiyahora.org\/index.php?rest_route=%2Fwp%2Fv2%2Fcomments&post=188"}],"version-history":[{"count":10,"href":"https:\/\/aquiyahora.org\/index.php?rest_route=\/wp\/v2\/pages\/188\/revisions"}],"predecessor-version":[{"id":524,"href":"https:\/\/aquiyahora.org\/index.php?rest_route=\/wp\/v2\/pages\/188\/revisions\/524"}],"wp:featuredmedia":[{"embeddable":true,"href":"https:\/\/aquiyahora.org\/index.php?rest_route=\/wp\/v2\/media\/523"}],"wp:attachment":[{"href":"https:\/\/aquiyahora.org\/index.php?rest_route=%2Fwp%2Fv2%2Fmedia&parent=188"}],"curies":[{"name":"wp","href":"https:\/\/api.w.org\/{rel}","templated":true}]}}