{"id":18,"date":"2015-03-10T15:21:37","date_gmt":"2015-03-10T14:21:37","guid":{"rendered":"http:\/\/aquiyahora.org\/?page_id=18"},"modified":"2022-09-30T13:29:27","modified_gmt":"2022-09-30T12:29:27","slug":"qui-sommes-nous","status":"publish","type":"page","link":"https:\/\/aquiyahora.org\/?page_id=18","title":{"rendered":"Qui sommes nous ?"},"content":{"rendered":"<p>&nbsp;<\/p>\n<div><span style=\"color: #0433ff;\">\u00ab\u00a0L&rsquo;association Aqui y Ahora a pour but de favoriser la transmission du tango argentin dans l&rsquo;\u00e9mergence des nouvelles propositions artistiques. A la recherche d&rsquo;exp\u00e9riences interdisciplinaires au croisement de la culture argentine et fran\u00e7aise\u00a0\u00bb.\u00a0<\/span><\/div>\n<div><\/div>\n<h6><strong>Parcours Aqui y Ahora :<\/strong><\/h6>\n<p><strong>L<\/strong>\u2019association Aqui y ahora a \u00e9t\u00e9 cr\u00e9\u00e9 en 2007 sous la direction artistique de\u00a0<strong>Natalia Bearzotti<\/strong>, ayant comme but de favoriser la transmission de Tango Argentin dans l\u2019\u00e9mergence de nouvelles propositions artistiques et de rechercher des exp\u00e9riences interdisciplinaires aux croisements d\u2019autres cultures. Nous avons particip\u00e9 pendant deux ann\u00e9es au programme\u00a0<strong>\u00abPar\u00adcours culturel gratuit\u00bb<\/strong>\u00a0mis en place par la Mairie de Toulouse au travers du projet\u00a0<strong>\u00abDanser \u00e0 Deux\u00bb<\/strong>\u00a0: Un projet en partenariat\u00a0 avec l\u2019Education Nationale pour enseigner le tango dans les \u00e9coles de Toulouse. Nous avons aussi travaill\u00e9 dans le cadre du programme\u00a0<strong>\u00abDerecho a la Cultura\u00bb<\/strong>\u00a0de l\u2019Universit\u00e9 Nationale de C\u00f3rdoba, Argentine, avec le projet\u00a0<strong>\u00ab\u00a0Entre deux\u00a0\u00bb<\/strong>. Projet dans lequel nous avons abord\u00e9 les notions de communication, d\u2019individualit\u00e9, de sensibilisation et d\u2019expression par le biais de la danse. L\u2019association a cr\u00e9\u00e9 un spectacle\u00a0<strong>R.T.T\u00a0<em>Round Trip Time<\/em>\u00a0<\/strong>sous la production d\u00e9l\u00e9gu\u00e9e de Les Th\u00e9r\u00e8sses, le soutien de la Mairie de Toulouse et celui de la R\u00e9gion Midi-Pyr\u00e9n\u00e9es<strong>.<\/strong>\u00a0Ce spectacle est un kal\u00e9idoscope dans\u00e9. C\u2019est un autoportrait dans lequel le corps, r\u00e9ceptacle et gardien des traces, restitue la m\u00e9moire avec les gestes de la danse et les mots du Th\u00e9\u00e2tre.<\/p>\n<p><strong>N<\/strong>ous avons organis\u00e9 au c\u0153ur du quartier Bonnefoy\u00a0 les \u00ab\u00a0<strong>Dimanches dansants<\/strong>\u00a0\u00bb en forme de\u00a0<strong>trilogie saisonni\u00e8re<\/strong>\u00a0une fois par mois. Ce projet est n\u00e9 dans l\u2019esprit d\u2019ouvrir l\u2019espace du bal du tango, au croisement d\u2019autres arts, un dimanche dansant avec cin\u00e9ma, expositions, artistes invit\u00e9s, ateliers th\u00e9matiques, conf\u00e9rences, etc.<\/p>\n<p><strong>L<\/strong>\u2019association \u00e0 fait tous les mercredis et vendredis, pendant 3 ans,\u00a0<strong>l\u2019enseignement du Tango Argentin<\/strong>\u00a0sous forme de cours hebdomadaires\u00a0 dans le quartier Bonnefoy (Centre culturel et L\u2019atelier Manding\u2019art).<\/p>\n<p><strong>E<\/strong>n<span class=\"gmail-Apple-converted-space\">\u00a0<\/span><b>2015<span class=\"gmail-Apple-converted-space\">\u00a0<\/span><\/b>nous avons cr\u00e9\u00e9 le projet \u00ab\u00a0<strong>Milonga Negra\u00a0\u00bb<\/strong>\u00a0en partenariat avec la Cie G Bistaki et le festival Tangopostale.\u00a0 La singularit\u00e9 de ce projet est de jouer avec les fronti\u00e8res culturelles en faisant collaborer le Tango \u00e0 d\u2019autres formes artistiques au sein d\u2019un Bal. C\u2019est un \u00e9v\u00e9nement contemporain o\u00f9 le public s\u2019approprie r\u00f4les et lieux aux multiples facettes. C\u2019est par le biais de la Milonga Negra que l\u2019on r\u00e9unit\u00a0 toutes les actions culturelles effectu\u00e9es\u00a0 dans les Trilogies saisonni\u00e8res du Dimanche Dansant dans la ville de Toulouse.<\/p>\n<p><strong>2016 U<\/strong>ne collaboration artistique et p\u00e9dagogique dans le projet\u00a0<strong>\u00ab\u00a0Calabrun\u00a0\u00bb<\/strong>\u00a0port\u00e9 par la Cie G.Bistaki dans le cadre de Toulouse en piste sous l\u2019\u00e9gide du Lido.<\/p>\n<p><strong>2017<\/strong>\u00a0nous avons cr\u00e9\u00e9 le deuxi\u00e8me volet de la Milonga Negra au th\u00e9\u00e2tre de la Brique Rouge \u00e0 Toulouse, avec la participation de plusieurs artistes et l&rsquo;invitation du collectif\u00a0 Cap Nomade, pour les installations.<\/p>\n<p><b>2016\/2017\/2019<\/b>\u00a0<span class=\"gmail-Apple-converted-space\">\u00a0<b>L<\/b><\/span>a r\u00e9alisation du projet Franco-Allemand\u00a0<strong>\u00ab\u00a0Entre-Deux\u00a0\u00bb<\/strong>\u00a0\u00a0sous le soutien de L\u2019OFAJ et de la Ligue de l\u2019enseignement pour des jeunes de moins de 30 ans. Un projet en danse destin\u00e9 aux jeunes en voie de professionnalisation issus du cirque, danse, th\u00e9\u00e2tre et arts plastiques. Ils seront accompagn\u00e9s d\u2019une \u00e9quipe artistique professionnelle qui apportera un savoir-faire interdisciplinaire sous la direction de Natalia Bearzotti.<\/p>\n<p><b>\u00a0\u00a0<\/b>On continue \u00e0 croire \u00e0 l&rsquo;art comme un moyen de transformation de l&rsquo;\u00eatre. Le projet Entre Deux se remet en route pour 2023 avec un nouveau\u00a0\u00a0partenaire.<\/p>\n<p>Le cours hebdomadaires de tango et les samedis p\u00e9dagogiques seront organis\u00e9s dans le quartier du Saint Cyprien et Fontaine Lestang ( voir formation de tango) .<\/p>\n<p>Au plaisir de vous revoir, Natalia<\/p>\n<p>Aqui y Ahora.<\/p>\n<div class=\"gmail-yj6qo gmail-ajU\"><\/div>\n","protected":false},"excerpt":{"rendered":"<p>&nbsp; \u00ab\u00a0L&rsquo;association Aqui y Ahora a pour but de favoriser la transmission du tango argentin dans l&rsquo;\u00e9mergence des nouvelles propositions artistiques. A la recherche d&rsquo;exp\u00e9riences interdisciplinaires au croisement de la culture argentine et fran\u00e7aise\u00a0\u00bb.\u00a0 Parcours Aqui y Ahora : L\u2019association Aqui y ahora a \u00e9t\u00e9 cr\u00e9\u00e9 en 2007 sous la direction artistique de\u00a0Natalia Bearzotti, ayant [&hellip;]<\/p>\n","protected":false},"author":1,"featured_media":0,"parent":0,"menu_order":0,"comment_status":"closed","ping_status":"closed","template":"","meta":{"footnotes":""},"class_list":["post-18","page","type-page","status-publish","hentry"],"_links":{"self":[{"href":"https:\/\/aquiyahora.org\/index.php?rest_route=\/wp\/v2\/pages\/18","targetHints":{"allow":["GET"]}}],"collection":[{"href":"https:\/\/aquiyahora.org\/index.php?rest_route=\/wp\/v2\/pages"}],"about":[{"href":"https:\/\/aquiyahora.org\/index.php?rest_route=\/wp\/v2\/types\/page"}],"author":[{"embeddable":true,"href":"https:\/\/aquiyahora.org\/index.php?rest_route=\/wp\/v2\/users\/1"}],"replies":[{"embeddable":true,"href":"https:\/\/aquiyahora.org\/index.php?rest_route=%2Fwp%2Fv2%2Fcomments&post=18"}],"version-history":[{"count":12,"href":"https:\/\/aquiyahora.org\/index.php?rest_route=\/wp\/v2\/pages\/18\/revisions"}],"predecessor-version":[{"id":1304,"href":"https:\/\/aquiyahora.org\/index.php?rest_route=\/wp\/v2\/pages\/18\/revisions\/1304"}],"wp:attachment":[{"href":"https:\/\/aquiyahora.org\/index.php?rest_route=%2Fwp%2Fv2%2Fmedia&parent=18"}],"curies":[{"name":"wp","href":"https:\/\/api.w.org\/{rel}","templated":true}]}}