{"id":1354,"date":"2024-09-10T17:44:57","date_gmt":"2024-09-10T16:44:57","guid":{"rendered":"https:\/\/aquiyahora.org\/?page_id=1354"},"modified":"2025-09-24T11:02:04","modified_gmt":"2025-09-24T10:02:04","slug":"accueil","status":"publish","type":"page","link":"https:\/\/aquiyahora.org\/","title":{"rendered":"Accueil"},"content":{"rendered":"<p><a href=\"https:\/\/aquiyahora.org\/?page_id=52\"><img loading=\"lazy\" decoding=\"async\" class=\"alignnone size-full wp-image-1355\" src=\"https:\/\/aquiyahora.org\/wp-content\/uploads\/2024\/09\/mockup3.jpeg\" alt=\"mockup3\" width=\"4500\" height=\"3200\" srcset=\"https:\/\/aquiyahora.org\/wp-content\/uploads\/2024\/09\/mockup3.jpeg 4500w, https:\/\/aquiyahora.org\/wp-content\/uploads\/2024\/09\/mockup3-300x213.jpeg 300w, https:\/\/aquiyahora.org\/wp-content\/uploads\/2024\/09\/mockup3-768x546.jpeg 768w, https:\/\/aquiyahora.org\/wp-content\/uploads\/2024\/09\/mockup3-1024x728.jpeg 1024w\" sizes=\"auto, (max-width: 4500px) 100vw, 4500px\" \/><\/a><\/p>\n<div class=\"gmail_attr\" dir=\"ltr\">Tous les jeudis soirs :<\/div>\n<div>Laboratoire d\u2019Exploration\u00a0\u00ab Tango \u2013 Corps et mouvement \u00bb<\/div>\n<div>Dur\u00e9e : 2h hebdomadaires.<\/div>\n<div>D\u00e9but des cours : 26 Septembre !<\/div>\n<div><\/div>\n<h5>Natalia met en jeu le dialogue entre Tango, Corps et Mouvement.<\/h5>\n<h6>Avec une approche de l\u2019\u00e9ducation somatique par le mouvement*, elle vous propose d\u2019explorer le tango-danse comme un territoire des relations entre les fondamentaux et structures improvis\u00e9es et chor\u00e9graphiques du tango et les diff\u00e9rentes mati\u00e8res du corps en mouvement.<\/h6>\n<p>&nbsp;<\/p>\n","protected":false},"excerpt":{"rendered":"<p>Tous les jeudis soirs : Laboratoire d\u2019Exploration\u00a0\u00ab Tango \u2013 Corps et mouvement \u00bb Dur\u00e9e : 2h hebdomadaires. D\u00e9but des cours : 26 Septembre ! Natalia met en jeu le dialogue entre Tango, Corps et Mouvement. Avec une approche de l\u2019\u00e9ducation somatique par le mouvement*, elle vous propose d\u2019explorer le tango-danse comme un territoire des relations [&hellip;]<\/p>\n","protected":false},"author":5,"featured_media":0,"parent":0,"menu_order":0,"comment_status":"closed","ping_status":"closed","template":"page-berzo-home.php","meta":{"footnotes":""},"class_list":["post-1354","page","type-page","status-publish","hentry"],"_links":{"self":[{"href":"https:\/\/aquiyahora.org\/index.php?rest_route=\/wp\/v2\/pages\/1354","targetHints":{"allow":["GET"]}}],"collection":[{"href":"https:\/\/aquiyahora.org\/index.php?rest_route=\/wp\/v2\/pages"}],"about":[{"href":"https:\/\/aquiyahora.org\/index.php?rest_route=\/wp\/v2\/types\/page"}],"author":[{"embeddable":true,"href":"https:\/\/aquiyahora.org\/index.php?rest_route=\/wp\/v2\/users\/5"}],"replies":[{"embeddable":true,"href":"https:\/\/aquiyahora.org\/index.php?rest_route=%2Fwp%2Fv2%2Fcomments&post=1354"}],"version-history":[{"count":1,"href":"https:\/\/aquiyahora.org\/index.php?rest_route=\/wp\/v2\/pages\/1354\/revisions"}],"predecessor-version":[{"id":1356,"href":"https:\/\/aquiyahora.org\/index.php?rest_route=\/wp\/v2\/pages\/1354\/revisions\/1356"}],"wp:attachment":[{"href":"https:\/\/aquiyahora.org\/index.php?rest_route=%2Fwp%2Fv2%2Fmedia&parent=1354"}],"curies":[{"name":"wp","href":"https:\/\/api.w.org\/{rel}","templated":true}]}}